{"id":43558,"date":"2022-12-05T12:15:00","date_gmt":"2022-12-05T12:15:00","guid":{"rendered":"https:\/\/cpo.sprendimai.cloud\/survey\/"},"modified":"2026-01-08T09:49:49","modified_gmt":"2026-01-08T09:49:49","slug":"survey","status":"publish","type":"page","link":"https:\/\/cpo.sprendimai.cloud\/en\/survey\/","title":{"rendered":"Survey"},"content":{"rendered":"\n<div class=\"forminator-guttenberg\"><div class=\"forminator-ui forminator-custom-form forminator-custom-form-21448 forminator-design--default  forminator_ajax\" data-forminator-render=\"0\" data-form=\"forminator-module-21448\" data-uid=\"69f132522d1da\"><br\/><\/div><form\n\t\t\t\tid=\"forminator-module-21448\"\n\t\t\t\tclass=\"forminator-ui forminator-custom-form forminator-custom-form-21448 forminator-design--default  forminator_ajax\"\n\t\t\t\tmethod=\"post\"\n\t\t\t\tdata-forminator-render=\"0\"\n\t\t\t\tdata-form-id=\"21448\"\n\t\t\t\t data-color-option=\"default\" data-design=\"default\" data-grid=\"open\" style=\"display: none;\"\n\t\t\t\tdata-uid=\"69f132522d1da\"\n\t\t\t><div role=\"alert\" aria-live=\"polite\" class=\"forminator-response-message forminator-error\" aria-hidden=\"true\"><\/div><div class=\"forminator-row\"><div id=\"text-1\" class=\"forminator-field-text forminator-col forminator-col-12 \"><div class=\"forminator-field\"><label for=\"forminator-field-text-1_69f132522d1da\" id=\"forminator-field-text-1_69f132522d1da-label\" class=\"forminator-label\">Kaip tur\u0117t\u0173 CPO informuoti \u012fstaigas?<\/label><input type=\"text\" name=\"text-1\" value=\"\" placeholder=\"\u012era\u0161ykite savo atsakym\u0105\" id=\"forminator-field-text-1_69f132522d1da\" class=\"forminator-input forminator-name--field\" data-required=\"\" \/><\/div><\/div><\/div><div class=\"forminator-row\"><div id=\"radio-1\" class=\"forminator-field-radio forminator-col forminator-col-12 \"><div role=\"radiogroup\" class=\"forminator-field\" aria-labelledby=\"forminator-radiogroup-radio-1-69f132522d1da-label\"><span id=\"forminator-radiogroup-radio-1-69f132522d1da-label\" class=\"forminator-label\">Kaip vertinate teikiama informacij\u0105<\/span><label id=\"forminator-field-radio-1-label-1\" for=\"forminator-field-radio-1-1-69f132522d1da\" class=\"forminator-radio\" title=\"Puikiai\"><input type=\"radio\" name=\"radio-1\" value=\"one\" id=\"forminator-field-radio-1-1-69f132522d1da\" aria-labelledby=\"forminator-field-radio-1-label-1\" data-calculation=\"0\"  \/><span class=\"forminator-radio-bullet\" aria-hidden=\"true\"><\/span><span class=\"forminator-radio-label\">Puikiai<\/span><\/label><label id=\"forminator-field-radio-1-label-2\" for=\"forminator-field-radio-1-2-69f132522d1da\" class=\"forminator-radio\" title=\"Gerai\"><input type=\"radio\" name=\"radio-1\" value=\"two\" id=\"forminator-field-radio-1-2-69f132522d1da\" aria-labelledby=\"forminator-field-radio-1-label-2\" data-calculation=\"0\"  \/><span class=\"forminator-radio-bullet\" aria-hidden=\"true\"><\/span><span class=\"forminator-radio-label\">Gerai<\/span><\/label><label id=\"forminator-field-radio-1-label-3\" for=\"forminator-field-radio-1-3-69f132522d1da\" class=\"forminator-radio\" title=\"Nesinaudojau\"><input type=\"radio\" name=\"radio-1\" value=\"Nesinaudojau\" id=\"forminator-field-radio-1-3-69f132522d1da\" aria-labelledby=\"forminator-field-radio-1-label-3\" data-calculation=\"0\"  \/><span class=\"forminator-radio-bullet\" aria-hidden=\"true\"><\/span><span class=\"forminator-radio-label\">Nesinaudojau<\/span><\/label><\/div><\/div><\/div><div class=\"forminator-row\"><div id=\"checkbox-1\" class=\"forminator-field-checkbox forminator-col forminator-col-12 \"><div role=\"group\" class=\"forminator-field required\" aria-labelledby=\"forminator-checkbox-group-forminator-field-checkbox-1-69f132522d1da-label\"><span id=\"forminator-checkbox-group-forminator-field-checkbox-1-69f132522d1da-label\" class=\"forminator-label\">Kurie teiginiai tinka J\u016bs\u0173 situacijai? <span class=\"forminator-required\">*<\/span><\/span><label id=\"forminator-field-checkbox-1-1-69f132522d1da-label\" for=\"forminator-field-checkbox-1-1-69f132522d1da\" class=\"forminator-checkbox\" title=\"\u0160is\"><input type=\"checkbox\" name=\"checkbox-1[]\" value=\"one\" id=\"forminator-field-checkbox-1-1-69f132522d1da\" aria-labelledby=\"forminator-field-checkbox-1-1-69f132522d1da-label\" data-calculation=\"0\"  \/><span class=\"forminator-checkbox-box\" aria-hidden=\"true\"><\/span><span class=\"forminator-checkbox-label\">\u0160is<\/span><\/label><label id=\"forminator-field-checkbox-1-2-69f132522d1da-label\" for=\"forminator-field-checkbox-1-2-69f132522d1da\" class=\"forminator-checkbox\" title=\"Tas\"><input type=\"checkbox\" name=\"checkbox-1[]\" value=\"two\" id=\"forminator-field-checkbox-1-2-69f132522d1da\" aria-labelledby=\"forminator-field-checkbox-1-2-69f132522d1da-label\" data-calculation=\"0\"  \/><span class=\"forminator-checkbox-box\" aria-hidden=\"true\"><\/span><span class=\"forminator-checkbox-label\">Tas<\/span><\/label><label id=\"forminator-field-checkbox-1-3-69f132522d1da-label\" for=\"forminator-field-checkbox-1-3-69f132522d1da\" class=\"forminator-checkbox\" title=\"Ir dar gal \u0161itas\"><input type=\"checkbox\" name=\"checkbox-1[]\" value=\"Ir-dar-gal-\u0161itas\" id=\"forminator-field-checkbox-1-3-69f132522d1da\" aria-labelledby=\"forminator-field-checkbox-1-3-69f132522d1da-label\" data-calculation=\"0\"  \/><span class=\"forminator-checkbox-box\" aria-hidden=\"true\"><\/span><span class=\"forminator-checkbox-label\">Ir dar gal \u0161itas<\/span><\/label><\/div><\/div><\/div><div class=\"forminator-row\"><div id=\"textarea-1\" class=\"forminator-field-textarea forminator-col forminator-col-12 \"><div class=\"forminator-field\"><label for=\"forminator-field-textarea-1_69f132522d1da\" id=\"forminator-field-textarea-1_69f132522d1da-label\" class=\"forminator-label\">Apra\u0161ykite situacij\u0105<\/label><textarea name=\"textarea-1\" placeholder=\"E.g. text placeholder You can add new line\" id=\"forminator-field-textarea-1_69f132522d1da\" class=\"forminator-textarea\" rows=\"6\" style=\"--forminator-textarea-min-height:140px;\" ><\/textarea><\/div><\/div><\/div><div class=\"forminator-row\"><div id=\"consent-1\" class=\"forminator-field-consent forminator-col forminator-col-12 \"><div class=\"forminator-field\"><label for=\"forminator-field-consent-1_69f132522d1da\" id=\"forminator-field-consent-1_69f132522d1da-label\" class=\"forminator-label\">Asmens duomen\u0173 tvarkymo politika <span class=\"forminator-required\">*<\/span><\/label><div class=\"forminator-checkbox__wrapper\"><label id=\"forminator-field-consent-1_69f132522d1da__label\" class=\"forminator-checkbox forminator-consent\"><input type=\"checkbox\" name=\"consent-1\" id=\"forminator-field-consent-1_69f132522d1da\" value=\"checked\" aria-labelledby=\"forminator-field-consent-1_69f132522d1da-label\" aria-describedby=\"forminator-field-consent-1_69f132522d1da__description\" data-required=\"true\" aria-required=\"true\" \/><span class=\"forminator-checkbox-box\" aria-hidden=\"true\"><\/span><\/label><div id=\"forminator-field-consent-1_69f132522d1da__description\" class=\"forminator-checkbox__label forminator-consent__label\"><p>Sutinku jog mano duomenis tvarkysite pagal m\u016bs\u0173 <a href=\"https:\/\/www2.cpo.lt\/asmens-duomenu-apsauga-2\/\" rel=\"nofollow noopener\" target=\"_blank\">duomen\u0173 apsaugos tvarkymo politika<\/a>.<\/p><\/div><\/div><\/div><\/div><\/div><div class=\"forminator-row\"><div id=\"checkbox-2\" class=\"forminator-field-checkbox forminator-col forminator-col-12 \"><div role=\"group\" class=\"forminator-field\" aria-labelledby=\"forminator-checkbox-group-forminator-field-checkbox-2-69f132522d1da-label\"><span id=\"forminator-checkbox-group-forminator-field-checkbox-2-69f132522d1da-label\" class=\"forminator-label\">fdgdfg<\/span><label id=\"forminator-field-checkbox-2-1-69f132522d1da-label\" for=\"forminator-field-checkbox-2-1-69f132522d1da\" class=\"forminator-checkbox\" title=\"Option 1\"><input type=\"checkbox\" name=\"checkbox-2[]\" value=\"one\" id=\"forminator-field-checkbox-2-1-69f132522d1da\" aria-labelledby=\"forminator-field-checkbox-2-1-69f132522d1da-label\" data-calculation=\"0\"  \/><span class=\"forminator-checkbox-box\" aria-hidden=\"true\"><\/span><span class=\"forminator-checkbox-label\">Option 1<\/span><\/label><label id=\"forminator-field-checkbox-2-2-69f132522d1da-label\" for=\"forminator-field-checkbox-2-2-69f132522d1da\" class=\"forminator-checkbox\" title=\"Option 2\"><input type=\"checkbox\" name=\"checkbox-2[]\" value=\"two\" id=\"forminator-field-checkbox-2-2-69f132522d1da\" aria-labelledby=\"forminator-field-checkbox-2-2-69f132522d1da-label\" data-calculation=\"0\"  \/><span class=\"forminator-checkbox-box\" aria-hidden=\"true\"><\/span><span class=\"forminator-checkbox-label\">Option 2<\/span><\/label><\/div><\/div><\/div><input type=\"hidden\" name=\"referer_url\" value=\"\" \/><div class=\"forminator-row forminator-row-last\"><div class=\"forminator-col\"><div class=\"forminator-field\"><button class=\"forminator-button forminator-button-submit\">Pateikti atsakymus<\/button><\/div><\/div><\/div><input type=\"hidden\" id=\"forminator_nonce\" name=\"forminator_nonce\" value=\"6c80e93990\" \/><input type=\"hidden\" name=\"_wp_http_referer\" value=\"\/en\/wp-json\/wp\/v2\/pages\/43558\" \/><input type=\"hidden\" name=\"form_id\" value=\"21448\"><input type=\"hidden\" name=\"page_id\" value=\"43558\"><input type=\"hidden\" name=\"form_type\" value=\"default\"><input type=\"hidden\" name=\"current_url\" value=\"https:\/\/cpo.sprendimai.cloud\/en\/survey\/\"><input type=\"hidden\" name=\"render_id\" value=\"0\"><input type=\"hidden\" name=\"action\" value=\"forminator_submit_form_custom-forms\"><\/form><\/div>\n","protected":false},"excerpt":{"rendered":"","protected":false},"author":1,"featured_media":32183,"parent":0,"menu_order":0,"comment_status":"closed","ping_status":"closed","template":"","meta":{"_acf_changed":false,"footnotes":""},"class_list":["post-43558","page","type-page","status-publish","has-post-thumbnail","hentry"],"acf":[],"_links":{"self":[{"href":"https:\/\/cpo.sprendimai.cloud\/en\/wp-json\/wp\/v2\/pages\/43558","targetHints":{"allow":["GET"]}}],"collection":[{"href":"https:\/\/cpo.sprendimai.cloud\/en\/wp-json\/wp\/v2\/pages"}],"about":[{"href":"https:\/\/cpo.sprendimai.cloud\/en\/wp-json\/wp\/v2\/types\/page"}],"author":[{"embeddable":true,"href":"https:\/\/cpo.sprendimai.cloud\/en\/wp-json\/wp\/v2\/users\/1"}],"replies":[{"embeddable":true,"href":"https:\/\/cpo.sprendimai.cloud\/en\/wp-json\/wp\/v2\/comments?post=43558"}],"version-history":[{"count":1,"href":"https:\/\/cpo.sprendimai.cloud\/en\/wp-json\/wp\/v2\/pages\/43558\/revisions"}],"predecessor-version":[{"id":43561,"href":"https:\/\/cpo.sprendimai.cloud\/en\/wp-json\/wp\/v2\/pages\/43558\/revisions\/43561"}],"wp:featuredmedia":[{"embeddable":true,"href":"https:\/\/cpo.sprendimai.cloud\/en\/wp-json\/wp\/v2\/media\/32183"}],"wp:attachment":[{"href":"https:\/\/cpo.sprendimai.cloud\/en\/wp-json\/wp\/v2\/media?parent=43558"}],"curies":[{"name":"wp","href":"https:\/\/api.w.org\/{rel}","templated":true}]}}