{"id":43906,"date":"2022-10-05T09:32:51","date_gmt":"2022-10-05T09:32:51","guid":{"rendered":"https:\/\/cpo.sprendimai.cloud\/protection-of-whistleblowers\/"},"modified":"2026-01-08T10:54:34","modified_gmt":"2026-01-08T10:54:34","slug":"protection-of-whistleblowers","status":"publish","type":"page","link":"https:\/\/cpo.sprendimai.cloud\/en\/protection-of-whistleblowers\/","title":{"rendered":"Protection of Whistleblowers"},"content":{"rendered":"\t\t<div data-elementor-type=\"wp-page\" data-elementor-id=\"43906\" class=\"elementor elementor-43906 elementor-18733\" data-elementor-post-type=\"page\">\n\t\t\t\t\t\t<section class=\"elementor-section elementor-top-section elementor-element elementor-element-eff1376 elementor-section-boxed elementor-section-height-default elementor-section-height-default\" data-id=\"eff1376\" data-element_type=\"section\">\n\t\t\t\t\t\t<div class=\"elementor-container elementor-column-gap-default\">\n\t\t\t\t\t<div class=\"elementor-column elementor-col-100 elementor-top-column elementor-element elementor-element-6605697\" data-id=\"6605697\" data-element_type=\"column\">\n\t\t\t<div class=\"elementor-widget-wrap elementor-element-populated\">\n\t\t\t\t\t\t<div class=\"elementor-element elementor-element-9e5fc71 elementor-widget elementor-widget-video\" data-id=\"9e5fc71\" data-element_type=\"widget\" data-settings=\"{&quot;youtube_url&quot;:&quot;https:\\\/\\\/www.youtube.com\\\/watch?v=7VseV0Yz52w&quot;,&quot;autoplay&quot;:&quot;yes&quot;,&quot;play_on_mobile&quot;:&quot;yes&quot;,&quot;video_type&quot;:&quot;youtube&quot;,&quot;controls&quot;:&quot;yes&quot;}\" data-widget_type=\"video.default\">\n\t\t\t\t<div class=\"elementor-widget-container\">\n\t\t\t\t\t\t\t<div class=\"elementor-wrapper elementor-open-inline\">\n\t\t\t<div class=\"elementor-video\"><\/div>\t\t<\/div>\n\t\t\t\t\t\t<\/div>\n\t\t\t\t<\/div>\n\t\t\t\t\t<\/div>\n\t\t<\/div>\n\t\t\t\t\t<\/div>\n\t\t<\/section>\n\t\t\t\t<section class=\"elementor-section elementor-top-section elementor-element elementor-element-39f1c01 elementor-section-boxed elementor-section-height-default elementor-section-height-default\" data-id=\"39f1c01\" data-element_type=\"section\">\n\t\t\t\t\t\t<div class=\"elementor-container elementor-column-gap-default\">\n\t\t\t\t\t<div class=\"elementor-column elementor-col-100 elementor-top-column elementor-element elementor-element-23b2182\" data-id=\"23b2182\" data-element_type=\"column\">\n\t\t\t<div class=\"elementor-widget-wrap elementor-element-populated\">\n\t\t\t\t\t\t<div class=\"elementor-element elementor-element-cc7d4b0 elementor-widget elementor-widget-text-editor\" data-id=\"cc7d4b0\" data-element_type=\"widget\" data-widget_type=\"text-editor.default\">\n\t\t\t\t<div class=\"elementor-widget-container\">\n\t\t\t\t\t\t\t\t\t<p><b>The Law on the Protection of Whistleblowers of the Republic of Lithuania<\/b> (hereinafter referred to as the <a href=\"https:\/\/e-seimas.lrs.lt\/portal\/legalAct\/lt\/TAD\/3832a702d8ea11e782d4fd2c44cc67af\/asr\" rel=\"nofollow noopener\" target=\"_blank\">Law<\/a>) establishes a mechanism for the protection of individuals who have provided information about violations in an institution with which they have or had service or employment relationships or contractual relationships. The Law also defines the rights and obligations of individuals who have reported violations in institutions, the grounds and forms of their legal protection, as well as measures for the protection, encouragement, and assistance to these individuals, aiming to create appropriate opportunities to report legal violations that threaten or harm the public interest, and to ensure the prevention and disclosure of such violations. <\/p>\t\t\t\t\t\t\t\t<\/div>\n\t\t\t\t<\/div>\n\t\t\t\t<div class=\"elementor-element elementor-element-e7ca50f elementor-widget elementor-widget-heading\" data-id=\"e7ca50f\" data-element_type=\"widget\" data-widget_type=\"heading.default\">\n\t\t\t\t<div class=\"elementor-widget-container\">\n\t\t\t\t\t<h2 class=\"elementor-heading-title elementor-size-default\">According to the Law, information about violations is provided regarding:<\/h2>\t\t\t\t<\/div>\n\t\t\t\t<\/div>\n\t\t\t\t<div class=\"elementor-element elementor-element-4b31450 elementor-widget elementor-widget-text-editor\" data-id=\"4b31450\" data-element_type=\"widget\" data-widget_type=\"text-editor.default\">\n\t\t\t\t<div class=\"elementor-widget-container\">\n\t\t\t\t\t\t\t\t\t<ol><li>threats to public safety or health, or to an individual&#8217;s life or health;<\/li><li>threats to the environment;<\/li><li>obstruction or unlawful influence on investigations conducted by law enforcement agencies or on the administration of justice by courts;<\/li><li>financing of illegal activities;<\/li><li>illegal or non-transparent use of public funds or assets;<\/li><li>assets acquired through illegal means;<\/li><li>concealment of the consequences of a violation, hindering the determination of the extent of the consequences;<\/li><li>other violations.<\/li><\/ol>\t\t\t\t\t\t\t\t<\/div>\n\t\t\t\t<\/div>\n\t\t\t\t<div class=\"elementor-element elementor-element-d85239f elementor-widget elementor-widget-text-editor\" data-id=\"d85239f\" data-element_type=\"widget\" data-widget_type=\"text-editor.default\">\n\t\t\t\t<div class=\"elementor-widget-container\">\n\t\t\t\t\t\t\t\t\t<p>To effectively implement the provisions of the Law, the <strong><strong><a href=\"https:\/\/e-seimas.lrs.lt\/portal\/legalAct\/lt\/TAD\/b146ff50ed8a11e89d4ad92e8434e309?jfwid=-1deuyji1xl\" rel=\"nofollow noopener\" target=\"_blank\">Resolution No. 1133 of the Government of the Republic of Lithuania dated November 14, 2018, &#8220;On the Implementation of the Law on the Protection of Whistleblowers of the Republic of Lithuania&#8221;<\/a><\/strong> has approved:<\/strong><\/p>\n<ol>\n<li>The procedure for rewarding whistleblowers for valuable information;<\/li>\n<li>The procedure for compensating whistleblowers for negative impacts or possible consequences due to the submitted report;<\/li>\n<li>The procedure for the implementation and functioning of internal channels for reporting violations.<\/li>\n<\/ol>\n<p>The procedure for the implementation and functioning of internal channels for reporting violations sets out the requirements for internal channels for reporting violations implemented in institutions, their functioning, the provision, investigation, management, and confidentiality assurance of information about violations within the institution.<\/p>\n<p><strong><a href=\"https:\/\/cpo.sprendimai.cloud\/wp-content\/uploads\/2020\/01\/CPO-LT-informacijos-apie-pazeidimus-teikimo-tvarkos-aprasas.pdf\">The procedure for reporting violations in the Public Institution CPO LT, approved by Order No. 3V-516 of the Director of the Public Institution CPO LT on December 31, 2019<\/a><\/strong> (hereinafter referred to as the Procedure), which establishes the procedure for providing information about possible, committed, or ongoing violations in the Public Institution CPO LT (hereinafter referred to as CPO LT), the acceptance of information about violations through the internal channel for reporting violations operating in CPO LT, its evaluation, and decision-making.<\/p>\n<p>Information through the internal channel for reporting violations operating in CPO LT may be submitted by a person who has or had service or employment relationships or contractual relationships (consulting, contracting, internship, practice, volunteering, etc.) directly with CPO LT.<\/p>\t\t\t\t\t\t\t\t<\/div>\n\t\t\t\t<\/div>\n\t\t\t\t<div class=\"elementor-element elementor-element-9b30bae elementor-widget elementor-widget-heading\" data-id=\"9b30bae\" data-element_type=\"widget\" data-widget_type=\"heading.default\">\n\t\t\t\t<div class=\"elementor-widget-container\">\n\t\t\t\t\t<h2 class=\"elementor-heading-title elementor-size-default\">A person providing information about a violation in CPO LT may submit it in one of the following ways:<\/h2>\t\t\t\t<\/div>\n\t\t\t\t<\/div>\n\t\t\t\t<div class=\"elementor-element elementor-element-0c95803 elementor-widget elementor-widget-text-editor\" data-id=\"0c95803\" data-element_type=\"widget\" data-widget_type=\"text-editor.default\">\n\t\t\t\t<div class=\"elementor-widget-container\">\n\t\t\t\t\t\t\t\t\t<ol><li>directly to the competent authority;<\/li><li>by email at <a href=\"mailto:pranesk@cpo.sprendimai.cloud\">pranesk@cpo.sprendimai.cloud;<\/a><\/li><li><a href=\"https:\/\/cpo.sprendimai.cloud\/wp-content\/uploads\/2023\/04\/Vidiniu-informacijos-apie-pazeidimus-pranesimo-forma.docx\">Form for reporting a violation.<\/a> <\/li><\/ol><p><span class=\"ui-provider gz b c d e f g h i j k l m n o p q r s t u v w x y z ab ac ae af ag ah ai aj ak\" dir=\"ltr\">The competent authority appointed at CPO LT is Deputy Director Vaida Vaitkevi\u010di\u016bt\u0117-Daugvil\u0117, responsible for the implementation of corruption prevention and control at CPO LT.<\/span><\/p><p>No reports or information about violations were received at the Public Institution CPO LT in 2025. <\/p>\t\t\t\t\t\t\t\t<\/div>\n\t\t\t\t<\/div>\n\t\t\t\t\t<\/div>\n\t\t<\/div>\n\t\t\t\t\t<\/div>\n\t\t<\/section>\n\t\t\t\t<\/div>\n\t\t","protected":false},"excerpt":{"rendered":"<p>https:\/\/www.youtube.com\/watch?v=7VseV0Yz52w The Law on the Protection of Whistleblowers of the Republic of Lithuania (hereinafter referred to as the Law) establishes a mechanism for the protection of individuals who have provided information about violations in an institution with which they have or had service or employment relationships or contractual relationships. The Law also defines the rights [&hellip;]<\/p>\n","protected":false},"author":1,"featured_media":32183,"parent":0,"menu_order":0,"comment_status":"closed","ping_status":"closed","template":"","meta":{"_acf_changed":false,"footnotes":""},"class_list":["post-43906","page","type-page","status-publish","has-post-thumbnail","hentry"],"acf":[],"_links":{"self":[{"href":"https:\/\/cpo.sprendimai.cloud\/en\/wp-json\/wp\/v2\/pages\/43906","targetHints":{"allow":["GET"]}}],"collection":[{"href":"https:\/\/cpo.sprendimai.cloud\/en\/wp-json\/wp\/v2\/pages"}],"about":[{"href":"https:\/\/cpo.sprendimai.cloud\/en\/wp-json\/wp\/v2\/types\/page"}],"author":[{"embeddable":true,"href":"https:\/\/cpo.sprendimai.cloud\/en\/wp-json\/wp\/v2\/users\/1"}],"replies":[{"embeddable":true,"href":"https:\/\/cpo.sprendimai.cloud\/en\/wp-json\/wp\/v2\/comments?post=43906"}],"version-history":[{"count":1,"href":"https:\/\/cpo.sprendimai.cloud\/en\/wp-json\/wp\/v2\/pages\/43906\/revisions"}],"predecessor-version":[{"id":43918,"href":"https:\/\/cpo.sprendimai.cloud\/en\/wp-json\/wp\/v2\/pages\/43906\/revisions\/43918"}],"wp:featuredmedia":[{"embeddable":true,"href":"https:\/\/cpo.sprendimai.cloud\/en\/wp-json\/wp\/v2\/media\/32183"}],"wp:attachment":[{"href":"https:\/\/cpo.sprendimai.cloud\/en\/wp-json\/wp\/v2\/media?parent=43906"}],"curies":[{"name":"wp","href":"https:\/\/api.w.org\/{rel}","templated":true}]}}